{"id":1813,"date":"2025-02-18T20:54:12","date_gmt":"2025-02-18T20:54:12","guid":{"rendered":"https:\/\/german-gateway.com\/%d8%b5%d8%a7%d8%ad%d8%a8-%d8%b9%d9%85%d9%84\/"},"modified":"2025-02-26T23:10:30","modified_gmt":"2025-02-26T23:10:30","slug":"finden-sie-die-besten-fachkraefte-aus-aegypten-fuer-ihr-unternehmen","status":"publish","type":"page","link":"https:\/\/german-gateway.com\/de\/finden-sie-die-besten-fachkraefte-aus-aegypten-fuer-ihr-unternehmen\/","title":{"rendered":"Finden Sie die besten Fachkr\u00e4fte aus \u00c4gypten f\u00fcr Ihr Unternehmen"},"content":{"rendered":"\t\t<div data-elementor-type=\"wp-page\" data-elementor-id=\"1813\" class=\"elementor elementor-1813 elementor-217\" data-elementor-post-type=\"page\">\n\t\t\t\t<div class=\"elementor-element elementor-element-be82b8c e-flex e-con-boxed e-con e-parent\" data-id=\"be82b8c\" data-element_type=\"container\" data-settings=\"{&quot;background_background&quot;:&quot;classic&quot;}\">\n\t\t\t\t\t<div class=\"e-con-inner\">\n\t\t\t\t<div class=\"elementor-element elementor-element-3282681 elementor-widget elementor-widget-heading\" data-id=\"3282681\" data-element_type=\"widget\" data-widget_type=\"heading.default\">\n\t\t\t\t<div class=\"elementor-widget-container\">\n\t\t\t\t\t<h2 class=\"elementor-heading-title elementor-size-default\">Finden Sie die besten Fachkr\u00e4fte aus \u00c4gypten f\u00fcr Ihr Unternehmen<\/h2>\t\t\t\t<\/div>\n\t\t\t\t<\/div>\n\t\t\t\t\t<\/div>\n\t\t\t\t<\/div>\n\t\t<div class=\"elementor-element elementor-element-f40c76b e-flex e-con-boxed e-con e-parent\" data-id=\"f40c76b\" data-element_type=\"container\">\n\t\t\t\t\t<div class=\"e-con-inner\">\n\t\t<div class=\"elementor-element elementor-element-bece100 e-con-full e-flex e-con e-child\" data-id=\"bece100\" data-element_type=\"container\">\n\t\t\t\t<div class=\"elementor-element elementor-element-1fac4c0 elementor-widget elementor-widget-heading\" data-id=\"1fac4c0\" data-element_type=\"widget\" data-widget_type=\"heading.default\">\n\t\t\t\t<div class=\"elementor-widget-container\">\n\t\t\t\t\t<h2 class=\"elementor-heading-title elementor-size-default\">Finden Sie die besten internationalen Fachkr\u00e4fte f\u00fcr Ihr Unternehmen<\/h2>\t\t\t\t<\/div>\n\t\t\t\t<\/div>\n\t\t\t\t<div class=\"elementor-element elementor-element-a22bf19 elementor-widget elementor-widget-text-editor\" data-id=\"a22bf19\" data-element_type=\"widget\" data-widget_type=\"text-editor.default\">\n\t\t\t\t<div class=\"elementor-widget-container\">\n\t\t\t\t\t\t\t\t\t<p>Herzlich willkommen bei German Gateway \u2013 Ihrem verl\u00e4sslichen Partner f\u00fcr die Vermittlung hochqualifizierter Fachkr\u00e4fte aus \u00c4gypten nach Deutschland. Mit langj\u00e4hriger Expertise in der internationalen Rekrutierung und einem fundierten Verst\u00e4ndnis f\u00fcr die Anforderungen des deutschen Arbeitsmarktes unterst\u00fctzen wir Unternehmen dabei, die besten Talente f\u00fcr ihre vakanten Positionen zu finden und nachhaltig zu binden.<\/p><p>Unser Schwerpunkt liegt auf der Vermittlung von Fachkr\u00e4ften aus dem medizinischen Bereich, wie \u00c4rzten, Pharmazeuten und Pflegekr\u00e4ften, sowie aus akademischen Disziplinen wie Ingenieurwesen, IT und weiteren technischen Berufen. Mit uns gewinnen Sie nicht nur Mitarbeiter, sondern wertvolle Impulse f\u00fcr Ihr Unternehmen.<\/p>\t\t\t\t\t\t\t\t<\/div>\n\t\t\t\t<\/div>\n\t\t\t\t<\/div>\n\t\t<div class=\"elementor-element elementor-element-917d854 elementor-hidden-phone e-con-full e-flex e-con e-child\" data-id=\"917d854\" data-element_type=\"container\" data-settings=\"{&quot;background_background&quot;:&quot;classic&quot;}\">\n\t\t\t\t<div class=\"elementor-element elementor-element-551420a elementor-widget elementor-widget-image\" data-id=\"551420a\" data-element_type=\"widget\" data-widget_type=\"image.default\">\n\t\t\t\t<div class=\"elementor-widget-container\">\n\t\t\t\t\t\t\t\t\t\t\t\t\t\t\t<img fetchpriority=\"high\" decoding=\"async\" width=\"1800\" height=\"1200\" src=\"https:\/\/german-gateway.com\/wp-content\/uploads\/2025\/02\/1384110533_f.jpg\" class=\"attachment-full size-full wp-image-664\" alt=\"\" srcset=\"https:\/\/german-gateway.com\/wp-content\/uploads\/2025\/02\/1384110533_f.jpg 1800w, https:\/\/german-gateway.com\/wp-content\/uploads\/2025\/02\/1384110533_f-300x200.jpg 300w, https:\/\/german-gateway.com\/wp-content\/uploads\/2025\/02\/1384110533_f-1024x683.jpg 1024w, https:\/\/german-gateway.com\/wp-content\/uploads\/2025\/02\/1384110533_f-768x512.jpg 768w, https:\/\/german-gateway.com\/wp-content\/uploads\/2025\/02\/1384110533_f-1536x1024.jpg 1536w\" sizes=\"(max-width: 1800px) 100vw, 1800px\" \/>\t\t\t\t\t\t\t\t\t\t\t\t\t\t\t<\/div>\n\t\t\t\t<\/div>\n\t\t\t\t<\/div>\n\t\t\t\t\t<\/div>\n\t\t\t\t<\/div>\n\t\t<div class=\"elementor-element elementor-element-617e69f e-flex e-con-boxed e-con e-parent\" data-id=\"617e69f\" data-element_type=\"container\">\n\t\t\t\t\t<div class=\"e-con-inner\">\n\t\t<div class=\"elementor-element elementor-element-5f65017 e-con-full e-flex e-con e-child\" data-id=\"5f65017\" data-element_type=\"container\">\n\t\t\t\t<div class=\"elementor-element elementor-element-8da5036 elementor-widget elementor-widget-heading\" data-id=\"8da5036\" data-element_type=\"widget\" data-widget_type=\"heading.default\">\n\t\t\t\t<div class=\"elementor-widget-container\">\n\t\t\t\t\t<h2 class=\"elementor-heading-title elementor-size-default\">Warum German Gateway?\n<\/h2>\t\t\t\t<\/div>\n\t\t\t\t<\/div>\n\t\t\t\t<div class=\"elementor-element elementor-element-bea5e6a elementor-align-start elementor-icon-list--layout-traditional elementor-list-item-link-full_width elementor-widget elementor-widget-icon-list\" data-id=\"bea5e6a\" data-element_type=\"widget\" data-widget_type=\"icon-list.default\">\n\t\t\t\t<div class=\"elementor-widget-container\">\n\t\t\t\t\t\t\t<ul class=\"elementor-icon-list-items\">\n\t\t\t\t\t\t\t<li class=\"elementor-icon-list-item\">\n\t\t\t\t\t\t\t\t\t\t<span class=\"elementor-icon-list-text\"><b>Erfahrung &amp; Branchenkenntnisse <\/b>\u2013 Dank unserer langj\u00e4hrigen Erfahrung im Recruiting kennen wir die spezifischen Anforderungen des deutschen Marktes genau und finden f\u00fcr Sie die passenden Kandidaten<\/span>\n\t\t\t\t\t\t\t\t\t<\/li>\n\t\t\t\t\t\t\t\t<li class=\"elementor-icon-list-item\">\n\t\t\t\t\t\t\t\t\t\t<span class=\"elementor-icon-list-text\"><b>Hochqualifizierte Fachkr\u00e4fte <\/b>\u2013 Unsere Bewerber sind hervorragend ausgebildet, bringen relevante Berufserfahrung mit und verf\u00fcgen \u00fcber anerkannte Abschl\u00fcsse<\/span>\n\t\t\t\t\t\t\t\t\t<\/li>\n\t\t\t\t\t\t\t\t<li class=\"elementor-icon-list-item\">\n\t\t\t\t\t\t\t\t\t\t<span class=\"elementor-icon-list-text\"><b>Sprachlich vorbereitet <\/b>\u2013 Alle Kandidaten absolvieren intensive Deutschkurse und erreichen mindestens das Niveau B1\/B2, um eine schnelle Integration am Arbeitsplatz zu gew\u00e4hrleisten<\/span>\n\t\t\t\t\t\t\t\t\t<\/li>\n\t\t\t\t\t\t\t\t<li class=\"elementor-icon-list-item\">\n\t\t\t\t\t\t\t\t\t\t<span class=\"elementor-icon-list-text\"><b>Rechtssichere Abwicklung <\/b>\u2013 Wir \u00fcbernehmen alle administrativen Prozesse, von der Anerkennung ausl\u00e4ndischer Abschl\u00fcsse \u00fcber die Visumsbeantragung bis hin zur Arbeitserlaubnis<\/span>\n\t\t\t\t\t\t\t\t\t<\/li>\n\t\t\t\t\t\t\t\t<li class=\"elementor-icon-list-item\">\n\t\t\t\t\t\t\t\t\t\t<span class=\"elementor-icon-list-text\"><b>Individuelle L\u00f6sungen f\u00fcr Ihr Unternehmen <\/b>\u2013 Ob langfristige Anstellung oder kurzfristige Fachkr\u00e4ftevermittlung \u2013 wir bieten ma\u00dfgeschneiderte Rekrutierungsl\u00f6sungen f\u00fcr Ihre spezifischen Bed\u00fcrfnisse<\/span>\n\t\t\t\t\t\t\t\t\t<\/li>\n\t\t\t\t\t\t<\/ul>\n\t\t\t\t\t\t<\/div>\n\t\t\t\t<\/div>\n\t\t\t\t<\/div>\n\t\t\t\t\t<\/div>\n\t\t\t\t<\/div>\n\t\t<div class=\"elementor-element elementor-element-b9f2271 e-flex e-con-boxed e-con e-parent\" data-id=\"b9f2271\" data-element_type=\"container\">\n\t\t\t\t\t<div class=\"e-con-inner\">\n\t\t<div class=\"elementor-element elementor-element-548d711 e-con-full e-flex e-con e-child\" data-id=\"548d711\" data-element_type=\"container\">\n\t\t\t\t<div class=\"elementor-element elementor-element-732b453 elementor-widget elementor-widget-heading\" data-id=\"732b453\" data-element_type=\"widget\" data-widget_type=\"heading.default\">\n\t\t\t\t<div class=\"elementor-widget-container\">\n\t\t\t\t\t<h2 class=\"elementor-heading-title elementor-size-default\">Unser Rekrutierungsprozess \u2013 Schnell, effizient und professionell\n<\/h2>\t\t\t\t<\/div>\n\t\t\t\t<\/div>\n\t\t\t\t<div class=\"elementor-element elementor-element-1f49247 elementor-align-start elementor-icon-list--layout-traditional elementor-list-item-link-full_width elementor-widget elementor-widget-icon-list\" data-id=\"1f49247\" data-element_type=\"widget\" data-widget_type=\"icon-list.default\">\n\t\t\t\t<div class=\"elementor-widget-container\">\n\t\t\t\t\t\t\t<ul class=\"elementor-icon-list-items\">\n\t\t\t\t\t\t\t<li class=\"elementor-icon-list-item\">\n\t\t\t\t\t\t\t\t\t\t<span class=\"elementor-icon-list-text\">Bedarfsanalyse \u2013 Gemeinsam mit Ihnen definieren wir die Anforderungen und erstellen ein Bewerberprofil.<\/span>\n\t\t\t\t\t\t\t\t\t<\/li>\n\t\t\t\t\t\t\t\t<li class=\"elementor-icon-list-item\">\n\t\t\t\t\t\t\t\t\t\t<span class=\"elementor-icon-list-text\">Gezielte Auswahl \u2013 Durch unser umfassendes Netzwerk und strenge Auswahlverfahren pr\u00e4sentieren wir Ihnen nur die besten Kandidaten.<\/span>\n\t\t\t\t\t\t\t\t\t<\/li>\n\t\t\t\t\t\t\t\t<li class=\"elementor-icon-list-item\">\n\t\t\t\t\t\t\t\t\t\t<span class=\"elementor-icon-list-text\">Interviews &amp; Auswahl \u2013 Sie f\u00fchren Gespr\u00e4che mit den Bewerbern und entscheiden, wer am besten zu Ihrem Unternehmen passt.<\/span>\n\t\t\t\t\t\t\t\t\t<\/li>\n\t\t\t\t\t\t\t\t<li class=\"elementor-icon-list-item\">\n\t\t\t\t\t\t\t\t\t\t<span class=\"elementor-icon-list-text\">Visa &amp; Anerkennungsprozess \u2013 Wir k\u00fcmmern uns um alle b\u00fcrokratischen Schritte, damit der Einstieg der Fachkr\u00e4fte in Deutschland reibungslos verl\u00e4uft.<\/span>\n\t\t\t\t\t\t\t\t\t<\/li>\n\t\t\t\t\t\t\t\t<li class=\"elementor-icon-list-item\">\n\t\t\t\t\t\t\t\t\t\t<span class=\"elementor-icon-list-text\">Nachhaltige Integration \u2013 Unser Service endet nicht mit der Vermittlung. Wir unterst\u00fctzen die Fachkr\u00e4fte bei der Eingew\u00f6hnung und stehen Ihnen als Partner langfristig zur Seite.<\/span>\n\t\t\t\t\t\t\t\t\t<\/li>\n\t\t\t\t\t\t<\/ul>\n\t\t\t\t\t\t<\/div>\n\t\t\t\t<\/div>\n\t\t\t\t<\/div>\n\t\t\t\t\t<\/div>\n\t\t\t\t<\/div>\n\t\t<div class=\"elementor-element elementor-element-972ff18 e-flex e-con-boxed e-con e-parent\" data-id=\"972ff18\" data-element_type=\"container\">\n\t\t\t\t\t<div class=\"e-con-inner\">\n\t\t\t\t<div class=\"elementor-element elementor-element-d0fb01d c-form elementor-button-align-stretch elementor-widget elementor-widget-form\" data-id=\"d0fb01d\" data-element_type=\"widget\" data-settings=\"{&quot;step_next_label&quot;:&quot;Next&quot;,&quot;step_previous_label&quot;:&quot;Previous&quot;,&quot;button_width&quot;:&quot;100&quot;,&quot;step_type&quot;:&quot;number_text&quot;,&quot;step_icon_shape&quot;:&quot;circle&quot;}\" data-widget_type=\"form.default\">\n\t\t\t\t<div class=\"elementor-widget-container\">\n\t\t\t\t\t\t\t<form class=\"elementor-form\" method=\"post\" name=\"New Form\">\n\t\t\t<input type=\"hidden\" name=\"post_id\" value=\"1813\"\/>\n\t\t\t<input type=\"hidden\" name=\"form_id\" value=\"d0fb01d\"\/>\n\t\t\t<input type=\"hidden\" name=\"referer_title\" value=\"Finden Sie die besten Fachkr\u00e4fte aus \u00c4gypten f\u00fcr Ihr Unternehmen - German Gateway\" \/>\n\n\t\t\t\t\t\t\t<input type=\"hidden\" name=\"queried_id\" value=\"1813\"\/>\n\t\t\t\n\t\t\t<div class=\"elementor-form-fields-wrapper elementor-labels-\">\n\t\t\t\t\t\t\t\t<div class=\"elementor-field-type-text elementor-field-group elementor-column elementor-field-group-field_fc34eeb elementor-col-100 elementor-field-required\">\n\t\t\t\t\t\t\t\t\t\t\t\t<label for=\"form-field-field_fc34eeb\" class=\"elementor-field-label elementor-screen-only\">\n\t\t\t\t\t\t\t\tName ihres Unternehmens\t\t\t\t\t\t\t<\/label>\n\t\t\t\t\t\t\t\t\t\t\t\t\t\t<input size=\"1\" type=\"text\" name=\"form_fields[field_fc34eeb]\" id=\"form-field-field_fc34eeb\" class=\"elementor-field elementor-size-sm  elementor-field-textual\" placeholder=\"Name ihres Unternehmens\" required=\"required\">\n\t\t\t\t\t\t\t\t\t\t\t<\/div>\n\t\t\t\t\t\t\t\t<div class=\"elementor-field-type-email elementor-field-group elementor-column elementor-field-group-email elementor-col-100 elementor-field-required\">\n\t\t\t\t\t\t\t\t\t\t\t\t<label for=\"form-field-email\" class=\"elementor-field-label elementor-screen-only\">\n\t\t\t\t\t\t\t\tE-Mail\t\t\t\t\t\t\t<\/label>\n\t\t\t\t\t\t\t\t\t\t\t\t\t\t<input size=\"1\" type=\"email\" name=\"form_fields[email]\" id=\"form-field-email\" class=\"elementor-field elementor-size-sm  elementor-field-textual\" placeholder=\"E-Mail\" required=\"required\">\n\t\t\t\t\t\t\t\t\t\t\t<\/div>\n\t\t\t\t\t\t\t\t<div class=\"elementor-field-type-text elementor-field-group elementor-column elementor-field-group-name elementor-col-100 elementor-field-required\">\n\t\t\t\t\t\t\t\t\t\t\t\t<label for=\"form-field-name\" class=\"elementor-field-label elementor-screen-only\">\n\t\t\t\t\t\t\t\tAnsprechpartner\t\t\t\t\t\t\t<\/label>\n\t\t\t\t\t\t\t\t\t\t\t\t\t\t<input size=\"1\" type=\"text\" name=\"form_fields[name]\" id=\"form-field-name\" class=\"elementor-field elementor-size-sm  elementor-field-textual\" placeholder=\"Ansprechpartner\" required=\"required\">\n\t\t\t\t\t\t\t\t\t\t\t<\/div>\n\t\t\t\t\t\t\t\t<div class=\"elementor-field-type-text elementor-field-group elementor-column elementor-field-group-field_cfe32e9 elementor-col-100 elementor-field-required\">\n\t\t\t\t\t\t\t\t\t\t\t\t<label for=\"form-field-field_cfe32e9\" class=\"elementor-field-label elementor-screen-only\">\n\t\t\t\t\t\t\t\tArt der ben\u00f6tigten Arbeitskraft\t\t\t\t\t\t\t<\/label>\n\t\t\t\t\t\t\t\t\t\t\t\t\t\t<input size=\"1\" type=\"text\" name=\"form_fields[field_cfe32e9]\" id=\"form-field-field_cfe32e9\" class=\"elementor-field elementor-size-sm  elementor-field-textual\" placeholder=\"Art der ben\u00f6tigten Arbeitskraft\" required=\"required\">\n\t\t\t\t\t\t\t\t\t\t\t<\/div>\n\t\t\t\t\t\t\t\t<div class=\"elementor-field-group elementor-column elementor-field-type-submit elementor-col-100 e-form__buttons\">\n\t\t\t\t\t<button class=\"elementor-button elementor-size-sm\" type=\"submit\">\n\t\t\t\t\t\t<span class=\"elementor-button-content-wrapper\">\n\t\t\t\t\t\t\t\t\t\t\t\t\t\t\t\t\t\t\t\t\t\t<span class=\"elementor-button-text\">Absenden<\/span>\n\t\t\t\t\t\t\t\t\t\t\t\t\t<\/span>\n\t\t\t\t\t<\/button>\n\t\t\t\t<\/div>\n\t\t\t<\/div>\n\t\t<\/form>\n\t\t\t\t\t\t<\/div>\n\t\t\t\t<\/div>\n\t\t\t\t\t<\/div>\n\t\t\t\t<\/div>\n\t\t\t\t<\/div>\n\t\t","protected":false},"excerpt":{"rendered":"<p>Finden Sie die besten Fachkr\u00e4fte aus \u00c4gypten f\u00fcr Ihr Unternehmen Finden Sie die besten internationalen Fachkr\u00e4fte f\u00fcr Ihr Unternehmen Herzlich willkommen bei German Gateway \u2013 Ihrem verl\u00e4sslichen Partner f\u00fcr die Vermittlung hochqualifizierter Fachkr\u00e4fte aus \u00c4gypten nach Deutschland. Mit langj\u00e4hriger Expertise in der internationalen Rekrutierung und einem fundierten Verst\u00e4ndnis f\u00fcr die Anforderungen des deutschen Arbeitsmarktes unterst\u00fctzen [&hellip;]<\/p>\n","protected":false},"author":2,"featured_media":0,"parent":0,"menu_order":0,"comment_status":"closed","ping_status":"closed","template":"elementor_header_footer","meta":{"footnotes":""},"class_list":["post-1813","page","type-page","status-publish","hentry"],"blocksy_meta":[],"_links":{"self":[{"href":"https:\/\/german-gateway.com\/de\/wp-json\/wp\/v2\/pages\/1813","targetHints":{"allow":["GET"]}}],"collection":[{"href":"https:\/\/german-gateway.com\/de\/wp-json\/wp\/v2\/pages"}],"about":[{"href":"https:\/\/german-gateway.com\/de\/wp-json\/wp\/v2\/types\/page"}],"author":[{"embeddable":true,"href":"https:\/\/german-gateway.com\/de\/wp-json\/wp\/v2\/users\/2"}],"replies":[{"embeddable":true,"href":"https:\/\/german-gateway.com\/de\/wp-json\/wp\/v2\/comments?post=1813"}],"version-history":[{"count":20,"href":"https:\/\/german-gateway.com\/de\/wp-json\/wp\/v2\/pages\/1813\/revisions"}],"predecessor-version":[{"id":2445,"href":"https:\/\/german-gateway.com\/de\/wp-json\/wp\/v2\/pages\/1813\/revisions\/2445"}],"wp:attachment":[{"href":"https:\/\/german-gateway.com\/de\/wp-json\/wp\/v2\/media?parent=1813"}],"curies":[{"name":"wp","href":"https:\/\/api.w.org\/{rel}","templated":true}]}}