{"id":1820,"date":"2025-02-18T20:49:54","date_gmt":"2025-02-18T20:49:54","guid":{"rendered":"https:\/\/german-gateway.com\/%d9%84%d8%a7-%d8%a3%d8%aa%d8%ad%d8%af%d8%ab-%d8%a7%d9%84%d8%a3%d9%85%d8%a7%d9%86%d9%8a%d8%a9\/"},"modified":"2025-02-27T00:20:05","modified_gmt":"2025-02-27T00:20:05","slug":"lernen-sie-jetzt-deutsch-mit-german-gateway","status":"publish","type":"page","link":"https:\/\/german-gateway.com\/de\/lernen-sie-jetzt-deutsch-mit-german-gateway\/","title":{"rendered":"Lernen Sie jetzt Deutsch mit German Gateway Academy"},"content":{"rendered":"\t\t<div data-elementor-type=\"wp-page\" data-elementor-id=\"1820\" class=\"elementor elementor-1820 elementor-177\" data-elementor-post-type=\"page\">\n\t\t\t\t<div class=\"elementor-element elementor-element-972d6e5 e-flex e-con-boxed e-con e-parent\" data-id=\"972d6e5\" data-element_type=\"container\" data-settings=\"{&quot;background_background&quot;:&quot;classic&quot;}\">\n\t\t\t\t\t<div class=\"e-con-inner\">\n\t\t\t\t\t<\/div>\n\t\t\t\t<\/div>\n\t\t<div class=\"elementor-element elementor-element-8b77a13 e-flex e-con-boxed e-con e-parent\" data-id=\"8b77a13\" data-element_type=\"container\">\n\t\t\t\t\t<div class=\"e-con-inner\">\n\t\t<div class=\"elementor-element elementor-element-33e4c56 e-con-full e-flex e-con e-child\" data-id=\"33e4c56\" data-element_type=\"container\">\n\t\t\t\t<div class=\"elementor-element elementor-element-1bd0c7b elementor-widget elementor-widget-heading\" data-id=\"1bd0c7b\" data-element_type=\"widget\" data-widget_type=\"heading.default\">\n\t\t\t\t<div class=\"elementor-widget-container\">\n\t\t\t\t\t<h2 class=\"elementor-heading-title elementor-size-default\">Lernen Sie Deutsch mit Exzellenz und Selbstvertrauen<\/h2>\t\t\t\t<\/div>\n\t\t\t\t<\/div>\n\t\t\t\t<div class=\"elementor-element elementor-element-3a3499a elementor-widget elementor-widget-image\" data-id=\"3a3499a\" data-element_type=\"widget\" data-widget_type=\"image.default\">\n\t\t\t\t<div class=\"elementor-widget-container\">\n\t\t\t\t\t\t\t\t\t\t\t\t\t\t\t<img fetchpriority=\"high\" decoding=\"async\" width=\"1024\" height=\"189\" src=\"https:\/\/german-gateway.com\/wp-content\/uploads\/2025\/02\/german-gateway-academy-4-1024x189.webp\" class=\"attachment-large size-large wp-image-587\" alt=\"\" srcset=\"https:\/\/german-gateway.com\/wp-content\/uploads\/2025\/02\/german-gateway-academy-4-1024x189.webp 1024w, https:\/\/german-gateway.com\/wp-content\/uploads\/2025\/02\/german-gateway-academy-4-300x56.webp 300w, https:\/\/german-gateway.com\/wp-content\/uploads\/2025\/02\/german-gateway-academy-4-768x142.webp 768w, https:\/\/german-gateway.com\/wp-content\/uploads\/2025\/02\/german-gateway-academy-4.webp 1200w\" sizes=\"(max-width: 1024px) 100vw, 1024px\" \/>\t\t\t\t\t\t\t\t\t\t\t\t\t\t\t<\/div>\n\t\t\t\t<\/div>\n\t\t\t\t<div class=\"elementor-element elementor-element-e2f8aed elementor-icon-list--layout-traditional elementor-list-item-link-full_width elementor-widget elementor-widget-icon-list\" data-id=\"e2f8aed\" data-element_type=\"widget\" data-widget_type=\"icon-list.default\">\n\t\t\t\t<div class=\"elementor-widget-container\">\n\t\t\t\t\t\t\t<ul class=\"elementor-icon-list-items\">\n\t\t\t\t\t\t\t<li class=\"elementor-icon-list-item\">\n\t\t\t\t\t\t\t\t\t\t\t<span class=\"elementor-icon-list-icon\">\n\t\t\t\t\t\t\t<i aria-hidden=\"true\" class=\"icon icon-checkmark-circle\"><\/i>\t\t\t\t\t\t<\/span>\n\t\t\t\t\t\t\t\t\t\t<span class=\"elementor-icon-list-text\"><b>Deutschkurse<\/b> f\u00fcr die Niveaustufen B1, B2, C1.<\/span>\n\t\t\t\t\t\t\t\t\t<\/li>\n\t\t\t\t\t\t\t\t<li class=\"elementor-icon-list-item\">\n\t\t\t\t\t\t\t\t\t\t\t<span class=\"elementor-icon-list-icon\">\n\t\t\t\t\t\t\t<i aria-hidden=\"true\" class=\"icon icon-checkmark-circle\"><\/i>\t\t\t\t\t\t<\/span>\n\t\t\t\t\t\t\t\t\t\t<span class=\"elementor-icon-list-text\"><b>Intensive<\/b> Konversationskurse: zur <b>Verbesserung<\/b> Ihrer <b>Kommunikationsf\u00e4higkeiten<\/b> und des Sprachgebrauchs im Alltag und im Berufsleben.<\/span>\n\t\t\t\t\t\t\t\t\t<\/li>\n\t\t\t\t\t\t\t\t<li class=\"elementor-icon-list-item\">\n\t\t\t\t\t\t\t\t\t\t\t<span class=\"elementor-icon-list-icon\">\n\t\t\t\t\t\t\t<i aria-hidden=\"true\" class=\"icon icon-checkmark-circle\"><\/i>\t\t\t\t\t\t<\/span>\n\t\t\t\t\t\t\t\t\t\t<span class=\"elementor-icon-list-text\">Umfassende <b>Vorbereitung<\/b> auf die <b>TELC-Pr\u00fcfung<\/b>: Durch einen integrierten Ansatz, der Ihnen hilft, die <b>Pr\u00fcfung<\/b> souver\u00e4n zu <b>bestehen.<\/b><\/span>\n\t\t\t\t\t\t\t\t\t<\/li>\n\t\t\t\t\t\t\t\t<li class=\"elementor-icon-list-item\">\n\t\t\t\t\t\t\t\t\t\t\t<span class=\"elementor-icon-list-icon\">\n\t\t\t\t\t\t\t<i aria-hidden=\"true\" class=\"icon icon-checkmark-circle\"><\/i>\t\t\t\t\t\t<\/span>\n\t\t\t\t\t\t\t\t\t\t<span class=\"elementor-icon-list-text\">Lehrer <b>(Muttersprachler)<\/b>: Um ein professionelles und genaues Lernerlebnis zu gew\u00e4hrleisten.<\/span>\n\t\t\t\t\t\t\t\t\t<\/li>\n\t\t\t\t\t\t\t\t<li class=\"elementor-icon-list-item\">\n\t\t\t\t\t\t\t\t\t\t\t<span class=\"elementor-icon-list-icon\">\n\t\t\t\t\t\t\t<i aria-hidden=\"true\" class=\"icon icon-checkmark-circle\"><\/i>\t\t\t\t\t\t<\/span>\n\t\t\t\t\t\t\t\t\t\t<span class=\"elementor-icon-list-text\">Kleine <b>Gruppen<\/b> (nicht mehr als <b>10 Sch\u00fcle<\/b>r): um Interaktion und qualitativ hochwertiges Lernen zu gew\u00e4hrleisten.<\/span>\n\t\t\t\t\t\t\t\t\t<\/li>\n\t\t\t\t\t\t\t\t<li class=\"elementor-icon-list-item\">\n\t\t\t\t\t\t\t\t\t\t\t<span class=\"elementor-icon-list-icon\">\n\t\t\t\t\t\t\t<i aria-hidden=\"true\" class=\"icon icon-checkmark-circle\"><\/i>\t\t\t\t\t\t<\/span>\n\t\t\t\t\t\t\t\t\t\t<span class=\"elementor-icon-list-text\">Anmeldepriorit\u00e4t: f\u00fcr Teilnehmer des Deutschlandreiseprogramms.<\/span>\n\t\t\t\t\t\t\t\t\t<\/li>\n\t\t\t\t\t\t\t\t<li class=\"elementor-icon-list-item\">\n\t\t\t\t\t\t\t\t\t\t\t<span class=\"elementor-icon-list-icon\">\n\t\t\t\t\t\t\t<i aria-hidden=\"true\" class=\"icon icon-checkmark-circle\"><\/i>\t\t\t\t\t\t<\/span>\n\t\t\t\t\t\t\t\t\t\t<span class=\"elementor-icon-list-text\">Offline-Kurse zu g\u00fcnstigen Preisen (bald bieten wir auch Online-Kurse an).<\/span>\n\t\t\t\t\t\t\t\t\t<\/li>\n\t\t\t\t\t\t<\/ul>\n\t\t\t\t\t\t<\/div>\n\t\t\t\t<\/div>\n\t\t\t\t<\/div>\n\t\t<div class=\"elementor-element elementor-element-a09d9ae elementor-hidden-phone e-con-full e-flex e-con e-child\" data-id=\"a09d9ae\" data-element_type=\"container\" data-settings=\"{&quot;background_background&quot;:&quot;classic&quot;}\">\n\t\t\t\t<div class=\"elementor-element elementor-element-59cde42 elementor-widget elementor-widget-spacer\" data-id=\"59cde42\" data-element_type=\"widget\" data-widget_type=\"spacer.default\">\n\t\t\t\t<div class=\"elementor-widget-container\">\n\t\t\t\t\t\t\t<div class=\"elementor-spacer\">\n\t\t\t<div class=\"elementor-spacer-inner\"><\/div>\n\t\t<\/div>\n\t\t\t\t\t\t<\/div>\n\t\t\t\t<\/div>\n\t\t\t\t<\/div>\n\t\t\t\t\t<\/div>\n\t\t\t\t<\/div>\n\t\t<div class=\"elementor-element elementor-element-de5da4a e-flex e-con-boxed e-con e-parent\" data-id=\"de5da4a\" data-element_type=\"container\">\n\t\t\t\t\t<div class=\"e-con-inner\">\n\t\t<div class=\"elementor-element elementor-element-9b82b5a e-con-full e-flex e-con e-child\" data-id=\"9b82b5a\" data-element_type=\"container\">\n\t\t\t\t<div class=\"elementor-element elementor-element-db65e33 elementor-widget elementor-widget-heading\" data-id=\"db65e33\" data-element_type=\"widget\" data-widget_type=\"heading.default\">\n\t\t\t\t<div class=\"elementor-widget-container\">\n\t\t\t\t\t<h2 class=\"elementor-heading-title elementor-size-default\">Deutschkurse (B1, B2, C1)<\/h2>\t\t\t\t<\/div>\n\t\t\t\t<\/div>\n\t\t\t\t<div class=\"elementor-element elementor-element-aa0b552 elementor-widget elementor-widget-text-editor\" data-id=\"aa0b552\" data-element_type=\"widget\" data-widget_type=\"text-editor.default\">\n\t\t\t\t<div class=\"elementor-widget-container\">\n\t\t\t\t\t\t\t\t\t<p>Entdecken Sie unsere umfassenden <b>Sprachkurse<\/b>, die alle Aspekte der deutschen Sprache abdecken \u2013 von fundierter Grammatik \u00fcber <b>pr\u00e4zise Aussprache <\/b>bis hin zum vertieften <b>Textverst\u00e4ndnis<\/b>. Egal, ob Sie bereits \u00fcber solide Grundkenntnisse verf\u00fcgen oder fortgeschritten sind: Wir unterst\u00fctzen Sie dabei, Ihre Sprachkompetenz gezielt zu erweitern, um in jeder Situation sicher und flie\u00dfend kommunizieren zu k\u00f6nnen. Unsere Kurse basieren auf modernsten Lehrpl\u00e4nen und werden von erfahrenen Sprachspezialisten geleitet, um Ihnen ein <b>optimales Lernerlebnis <\/b>und <b>maximalen Erfolg <\/b>zu garantieren<\/p>\t\t\t\t\t\t\t\t<\/div>\n\t\t\t\t<\/div>\n\t\t\t\t<\/div>\n\t\t<div class=\"elementor-element elementor-element-10f9aaa elementor-hidden-phone e-con-full e-flex e-con e-child\" data-id=\"10f9aaa\" data-element_type=\"container\" data-settings=\"{&quot;background_background&quot;:&quot;classic&quot;}\">\n\t\t\t\t<div class=\"elementor-element elementor-element-c89eac6 elementor-widget elementor-widget-image\" data-id=\"c89eac6\" data-element_type=\"widget\" data-widget_type=\"image.default\">\n\t\t\t\t<div class=\"elementor-widget-container\">\n\t\t\t\t\t\t\t\t\t\t\t\t\t\t\t<img decoding=\"async\" width=\"1800\" height=\"1200\" src=\"https:\/\/german-gateway.com\/wp-content\/uploads\/2025\/02\/1322913815_f.jpg\" class=\"attachment-full size-full wp-image-663\" alt=\"\" srcset=\"https:\/\/german-gateway.com\/wp-content\/uploads\/2025\/02\/1322913815_f.jpg 1800w, https:\/\/german-gateway.com\/wp-content\/uploads\/2025\/02\/1322913815_f-300x200.jpg 300w, https:\/\/german-gateway.com\/wp-content\/uploads\/2025\/02\/1322913815_f-1024x683.jpg 1024w, https:\/\/german-gateway.com\/wp-content\/uploads\/2025\/02\/1322913815_f-768x512.jpg 768w, https:\/\/german-gateway.com\/wp-content\/uploads\/2025\/02\/1322913815_f-1536x1024.jpg 1536w\" sizes=\"(max-width: 1800px) 100vw, 1800px\" \/>\t\t\t\t\t\t\t\t\t\t\t\t\t\t\t<\/div>\n\t\t\t\t<\/div>\n\t\t\t\t<\/div>\n\t\t\t\t\t<\/div>\n\t\t\t\t<\/div>\n\t\t<div class=\"elementor-element elementor-element-bc0289c e-flex e-con-boxed e-con e-parent\" data-id=\"bc0289c\" data-element_type=\"container\">\n\t\t\t\t\t<div class=\"e-con-inner\">\n\t\t<div class=\"elementor-element elementor-element-2e37260 e-con-full e-flex e-con e-child\" data-id=\"2e37260\" data-element_type=\"container\">\n\t\t\t\t<div class=\"elementor-element elementor-element-d0a52a8 elementor-widget elementor-widget-heading\" data-id=\"d0a52a8\" data-element_type=\"widget\" data-widget_type=\"heading.default\">\n\t\t\t\t<div class=\"elementor-widget-container\">\n\t\t\t\t\t<h2 class=\"elementor-heading-title elementor-size-default\">Intensive Konversationskurse zur Verbesserung der Kommunikationsf\u00e4higkeiten<\/h2>\t\t\t\t<\/div>\n\t\t\t\t<\/div>\n\t\t\t\t<div class=\"elementor-element elementor-element-78d771a elementor-widget elementor-widget-text-editor\" data-id=\"78d771a\" data-element_type=\"widget\" data-widget_type=\"text-editor.default\">\n\t\t\t\t<div class=\"elementor-widget-container\">\n\t\t\t\t\t\t\t\t\t<p>Denn Grammatik allein reicht nicht aus \u2013 deshalb bieten wir <b>intensive Konversationskurse <\/b>an, die Ihnen helfen, <b>flie\u00dfend <\/b>Deutsch zu sprechen und es sicher in Alltags- und Berufssituationen anzuwenden. Wir legen besonderen Wert darauf, Ihre <b>Aussprache <\/b>zu verfeinern, Ihr <b>Selbstvertrauen <\/b>im Sprechen zu st\u00e4rken und Ihnen die spezifische Fachsprache des deutschen Gesch\u00e4ftslebens sowie des gesellschaftlichen Austauschs n\u00e4herzubringen. So meistern Sie jede Herausforderung mit Leichtigkeit und \u00dcberzeugungskraft.<\/p>\t\t\t\t\t\t\t\t<\/div>\n\t\t\t\t<\/div>\n\t\t\t\t<\/div>\n\t\t<div class=\"elementor-element elementor-element-4d08817 elementor-hidden-phone e-con-full e-flex e-con e-child\" data-id=\"4d08817\" data-element_type=\"container\" data-settings=\"{&quot;background_background&quot;:&quot;classic&quot;}\">\n\t\t\t\t<div class=\"elementor-element elementor-element-d420282 elementor-widget elementor-widget-image\" data-id=\"d420282\" data-element_type=\"widget\" data-widget_type=\"image.default\">\n\t\t\t\t<div class=\"elementor-widget-container\">\n\t\t\t\t\t\t\t\t\t\t\t\t\t\t\t<img decoding=\"async\" width=\"1800\" height=\"949\" src=\"https:\/\/german-gateway.com\/wp-content\/uploads\/2025\/02\/1482842994_f.jpg\" class=\"attachment-full size-full wp-image-667\" alt=\"\" srcset=\"https:\/\/german-gateway.com\/wp-content\/uploads\/2025\/02\/1482842994_f.jpg 1800w, https:\/\/german-gateway.com\/wp-content\/uploads\/2025\/02\/1482842994_f-300x158.jpg 300w, https:\/\/german-gateway.com\/wp-content\/uploads\/2025\/02\/1482842994_f-1024x540.jpg 1024w, https:\/\/german-gateway.com\/wp-content\/uploads\/2025\/02\/1482842994_f-768x405.jpg 768w, https:\/\/german-gateway.com\/wp-content\/uploads\/2025\/02\/1482842994_f-1536x810.jpg 1536w\" sizes=\"(max-width: 1800px) 100vw, 1800px\" \/>\t\t\t\t\t\t\t\t\t\t\t\t\t\t\t<\/div>\n\t\t\t\t<\/div>\n\t\t\t\t<\/div>\n\t\t\t\t\t<\/div>\n\t\t\t\t<\/div>\n\t\t<div class=\"elementor-element elementor-element-fa155d8 e-flex e-con-boxed e-con e-parent\" data-id=\"fa155d8\" data-element_type=\"container\">\n\t\t\t\t\t<div class=\"e-con-inner\">\n\t\t<div class=\"elementor-element elementor-element-50184cc e-con-full e-flex e-con e-child\" data-id=\"50184cc\" data-element_type=\"container\">\n\t\t\t\t<div class=\"elementor-element elementor-element-7ebc35a elementor-widget elementor-widget-heading\" data-id=\"7ebc35a\" data-element_type=\"widget\" data-widget_type=\"heading.default\">\n\t\t\t\t<div class=\"elementor-widget-container\">\n\t\t\t\t\t<h2 class=\"elementor-heading-title elementor-size-default\">Umfassende Vorbereitung auf die TELC-Pr\u00fcfung f\u00fcr Ihren Erfolg<\/h2>\t\t\t\t<\/div>\n\t\t\t\t<\/div>\n\t\t\t\t<div class=\"elementor-element elementor-element-80e34c8 elementor-widget elementor-widget-text-editor\" data-id=\"80e34c8\" data-element_type=\"widget\" data-widget_type=\"text-editor.default\">\n\t\t\t\t<div class=\"elementor-widget-container\">\n\t\t\t\t\t\t\t\t\t<p>Ben\u00f6tigen Sie ein anerkanntes Deutschzertifikat? Die <b>TELC-Pr\u00fcfung<\/b> ist eine der wichtigsten Optionen. Unser integrierter <b>Vorbereitungskurs <\/b>vermittelt Ihnen alles, was Sie f\u00fcr eine <b>erfolgreiche Pr\u00fcfung <\/b>ben\u00f6tigen \u2013 strukturiert, praxisnah und zielgerichtet.<\/p>\t\t\t\t\t\t\t\t<\/div>\n\t\t\t\t<\/div>\n\t\t\t\t<\/div>\n\t\t<div class=\"elementor-element elementor-element-ee7d1fa elementor-hidden-phone e-con-full e-flex e-con e-child\" data-id=\"ee7d1fa\" data-element_type=\"container\" data-settings=\"{&quot;background_background&quot;:&quot;classic&quot;}\">\n\t\t\t\t<div class=\"elementor-element elementor-element-896d07c elementor-widget elementor-widget-image\" data-id=\"896d07c\" data-element_type=\"widget\" data-widget_type=\"image.default\">\n\t\t\t\t<div class=\"elementor-widget-container\">\n\t\t\t\t\t\t\t\t\t\t\t\t\t\t\t<img loading=\"lazy\" decoding=\"async\" width=\"1800\" height=\"1200\" src=\"https:\/\/german-gateway.com\/wp-content\/uploads\/2025\/02\/1132123970_f.jpg\" class=\"attachment-full size-full wp-image-659\" alt=\"\" srcset=\"https:\/\/german-gateway.com\/wp-content\/uploads\/2025\/02\/1132123970_f.jpg 1800w, https:\/\/german-gateway.com\/wp-content\/uploads\/2025\/02\/1132123970_f-300x200.jpg 300w, https:\/\/german-gateway.com\/wp-content\/uploads\/2025\/02\/1132123970_f-1024x683.jpg 1024w, https:\/\/german-gateway.com\/wp-content\/uploads\/2025\/02\/1132123970_f-768x512.jpg 768w, https:\/\/german-gateway.com\/wp-content\/uploads\/2025\/02\/1132123970_f-1536x1024.jpg 1536w\" sizes=\"(max-width: 1800px) 100vw, 1800px\" \/>\t\t\t\t\t\t\t\t\t\t\t\t\t\t\t<\/div>\n\t\t\t\t<\/div>\n\t\t\t\t<\/div>\n\t\t\t\t\t<\/div>\n\t\t\t\t<\/div>\n\t\t<div class=\"elementor-element elementor-element-a0400d9 e-flex e-con-boxed e-con e-parent\" data-id=\"a0400d9\" data-element_type=\"container\">\n\t\t\t\t\t<div class=\"e-con-inner\">\n\t\t<div class=\"elementor-element elementor-element-0fad819 e-con-full e-flex e-con e-child\" data-id=\"0fad819\" data-element_type=\"container\">\n\t\t\t\t<div class=\"elementor-element elementor-element-abfbec0 elementor-widget elementor-widget-heading\" data-id=\"abfbec0\" data-element_type=\"widget\" data-widget_type=\"heading.default\">\n\t\t\t\t<div class=\"elementor-widget-container\">\n\t\t\t\t\t<h2 class=\"elementor-heading-title elementor-size-default\">Muttersprachler sorgen f\u00fcr ein professionelles Lernerlebnis<\/h2>\t\t\t\t<\/div>\n\t\t\t\t<\/div>\n\t\t\t\t<div class=\"elementor-element elementor-element-cae6da2 elementor-widget elementor-widget-text-editor\" data-id=\"cae6da2\" data-element_type=\"widget\" data-widget_type=\"text-editor.default\">\n\t\t\t\t<div class=\"elementor-widget-container\">\n\t\t\t\t\t\t\t\t\t<p>Um optimale Lernergebnisse zu erzielen, setzen wir ausschlie\u00dflich auf <b>muttersprachliche <\/b>Lehrkr\u00e4fte mit umfangreicher <b>Unterrichtserfahrung<\/b>. Das Lernen mit <b>Muttersprachlern <\/b>bietet Ihnen die perfekte Gelegenheit, die korrekte <b>Aussprache <\/b>zu verinnerlichen, g\u00e4ngige Redewendungen zu lernen und praktische Sprachkenntnisse zu entwickeln, die Sie sowohl im Alltag als auch im Berufsleben in Deutschland anwenden k\u00f6nnen.<\/p>\t\t\t\t\t\t\t\t<\/div>\n\t\t\t\t<\/div>\n\t\t\t\t<\/div>\n\t\t<div class=\"elementor-element elementor-element-5d1041c elementor-hidden-phone e-con-full e-flex e-con e-child\" data-id=\"5d1041c\" data-element_type=\"container\" data-settings=\"{&quot;background_background&quot;:&quot;classic&quot;}\">\n\t\t\t\t<div class=\"elementor-element elementor-element-077b452 elementor-widget elementor-widget-image\" data-id=\"077b452\" data-element_type=\"widget\" data-widget_type=\"image.default\">\n\t\t\t\t<div class=\"elementor-widget-container\">\n\t\t\t\t\t\t\t\t\t\t\t\t\t\t\t<img loading=\"lazy\" decoding=\"async\" width=\"1800\" height=\"1172\" src=\"https:\/\/german-gateway.com\/wp-content\/uploads\/2025\/02\/637234116_f.jpg\" class=\"attachment-full size-full wp-image-654\" alt=\"\" srcset=\"https:\/\/german-gateway.com\/wp-content\/uploads\/2025\/02\/637234116_f.jpg 1800w, https:\/\/german-gateway.com\/wp-content\/uploads\/2025\/02\/637234116_f-300x195.jpg 300w, https:\/\/german-gateway.com\/wp-content\/uploads\/2025\/02\/637234116_f-1024x667.jpg 1024w, https:\/\/german-gateway.com\/wp-content\/uploads\/2025\/02\/637234116_f-768x500.jpg 768w, https:\/\/german-gateway.com\/wp-content\/uploads\/2025\/02\/637234116_f-1536x1000.jpg 1536w\" sizes=\"(max-width: 1800px) 100vw, 1800px\" \/>\t\t\t\t\t\t\t\t\t\t\t\t\t\t\t<\/div>\n\t\t\t\t<\/div>\n\t\t\t\t<\/div>\n\t\t\t\t\t<\/div>\n\t\t\t\t<\/div>\n\t\t<div class=\"elementor-element elementor-element-7162abe e-flex e-con-boxed e-con e-parent\" data-id=\"7162abe\" data-element_type=\"container\">\n\t\t\t\t\t<div class=\"e-con-inner\">\n\t\t<div class=\"elementor-element elementor-element-31c748c e-con-full e-flex e-con e-child\" data-id=\"31c748c\" data-element_type=\"container\">\n\t\t\t\t<div class=\"elementor-element elementor-element-184ef8b elementor-widget elementor-widget-heading\" data-id=\"184ef8b\" data-element_type=\"widget\" data-widget_type=\"heading.default\">\n\t\t\t\t<div class=\"elementor-widget-container\">\n\t\t\t\t\t<h2 class=\"elementor-heading-title elementor-size-default\">Kleine Lerngruppen (nicht mehr als 10 Studierende) zur Verbesserung der Interaktion<\/h2>\t\t\t\t<\/div>\n\t\t\t\t<\/div>\n\t\t\t\t<div class=\"elementor-element elementor-element-e47bf3d elementor-widget elementor-widget-text-editor\" data-id=\"e47bf3d\" data-element_type=\"widget\" data-widget_type=\"text-editor.default\">\n\t\t\t\t<div class=\"elementor-widget-container\">\n\t\t\t\t\t\t\t\t\t<p>Wir sind \u00fcberzeugt, dass effektives Lernen eine interaktive und pers\u00f6nliche Umgebung erfordert. Daher halten wir unsere Lerngruppen bewusst klein, mit <b>maximal 10<\/b> Teilnehmern pro Kurs. So garantieren wir jedem Sch\u00fcler die n\u00f6tige Aufmerksamkeit und aktive Teilnahme am Unterricht, was die Lernfortschritte beschleunigt und den gr\u00f6\u00dftm\u00f6glichen Nutzen aus jedem Kurs zieht.&#8220;<\/p>\t\t\t\t\t\t\t\t<\/div>\n\t\t\t\t<\/div>\n\t\t\t\t<\/div>\n\t\t<div class=\"elementor-element elementor-element-8d5cc2f elementor-hidden-phone e-con-full e-flex e-con e-child\" data-id=\"8d5cc2f\" data-element_type=\"container\" data-settings=\"{&quot;background_background&quot;:&quot;classic&quot;}\">\n\t\t\t\t<div class=\"elementor-element elementor-element-e1a23f1 elementor-widget elementor-widget-image\" data-id=\"e1a23f1\" data-element_type=\"widget\" data-widget_type=\"image.default\">\n\t\t\t\t<div class=\"elementor-widget-container\">\n\t\t\t\t\t\t\t\t\t\t\t\t\t\t\t<img loading=\"lazy\" decoding=\"async\" width=\"1800\" height=\"1201\" src=\"https:\/\/german-gateway.com\/wp-content\/uploads\/2025\/02\/2155267410_f.jpg\" class=\"attachment-full size-full wp-image-674\" alt=\"\" srcset=\"https:\/\/german-gateway.com\/wp-content\/uploads\/2025\/02\/2155267410_f.jpg 1800w, https:\/\/german-gateway.com\/wp-content\/uploads\/2025\/02\/2155267410_f-300x200.jpg 300w, https:\/\/german-gateway.com\/wp-content\/uploads\/2025\/02\/2155267410_f-1024x683.jpg 1024w, https:\/\/german-gateway.com\/wp-content\/uploads\/2025\/02\/2155267410_f-768x512.jpg 768w, https:\/\/german-gateway.com\/wp-content\/uploads\/2025\/02\/2155267410_f-1536x1025.jpg 1536w\" sizes=\"(max-width: 1800px) 100vw, 1800px\" \/>\t\t\t\t\t\t\t\t\t\t\t\t\t\t\t<\/div>\n\t\t\t\t<\/div>\n\t\t\t\t<\/div>\n\t\t\t\t\t<\/div>\n\t\t\t\t<\/div>\n\t\t<div class=\"elementor-element elementor-element-b495175 e-flex e-con-boxed e-con e-parent\" data-id=\"b495175\" data-element_type=\"container\">\n\t\t\t\t\t<div class=\"e-con-inner\">\n\t\t\t\t<div class=\"elementor-element elementor-element-8bc0263 elementor-widget__width-auto elementor-align-justify elementor-fixed elementor-widget elementor-widget-button\" data-id=\"8bc0263\" data-element_type=\"widget\" data-settings=\"{&quot;_position&quot;:&quot;fixed&quot;}\" data-widget_type=\"button.default\">\n\t\t\t\t<div class=\"elementor-widget-container\">\n\t\t\t\t\t\t\t\t\t<div class=\"elementor-button-wrapper\">\n\t\t\t\t\t<a class=\"elementor-button elementor-button-link elementor-size-sm\" href=\"https:\/\/german-gateway.com\/de\/kontaktieren-sie-uns\/\" target=\"_blank\">\n\t\t\t\t\t\t<span class=\"elementor-button-content-wrapper\">\n\t\t\t\t\t\t<span class=\"elementor-button-icon\">\n\t\t\t\t<i aria-hidden=\"true\" class=\"icon icon-arrow-right\"><\/i>\t\t\t<\/span>\n\t\t\t\t\t\t\t\t\t<span class=\"elementor-button-text\">Kontaktieren Sie uns jetzt f\u00fcr Anfragen und Anmeldung<\/span>\n\t\t\t\t\t<\/span>\n\t\t\t\t\t<\/a>\n\t\t\t\t<\/div>\n\t\t\t\t\t\t\t\t<\/div>\n\t\t\t\t<\/div>\n\t\t\t\t\t<\/div>\n\t\t\t\t<\/div>\n\t\t\t\t<\/div>\n\t\t","protected":false},"excerpt":{"rendered":"<p>Lernen Sie Deutsch mit Exzellenz und Selbstvertrauen Deutschkurse f\u00fcr die Niveaustufen B1, B2, C1. Intensive Konversationskurse: zur Verbesserung Ihrer Kommunikationsf\u00e4higkeiten und des Sprachgebrauchs im Alltag und im Berufsleben. Umfassende Vorbereitung auf die TELC-Pr\u00fcfung: Durch einen integrierten Ansatz, der Ihnen hilft, die Pr\u00fcfung souver\u00e4n zu bestehen. Lehrer (Muttersprachler): Um ein professionelles und genaues Lernerlebnis zu gew\u00e4hrleisten. [&hellip;]<\/p>\n","protected":false},"author":2,"featured_media":0,"parent":0,"menu_order":0,"comment_status":"closed","ping_status":"closed","template":"elementor_header_footer","meta":{"footnotes":""},"class_list":["post-1820","page","type-page","status-publish","hentry"],"blocksy_meta":[],"_links":{"self":[{"href":"https:\/\/german-gateway.com\/de\/wp-json\/wp\/v2\/pages\/1820","targetHints":{"allow":["GET"]}}],"collection":[{"href":"https:\/\/german-gateway.com\/de\/wp-json\/wp\/v2\/pages"}],"about":[{"href":"https:\/\/german-gateway.com\/de\/wp-json\/wp\/v2\/types\/page"}],"author":[{"embeddable":true,"href":"https:\/\/german-gateway.com\/de\/wp-json\/wp\/v2\/users\/2"}],"replies":[{"embeddable":true,"href":"https:\/\/german-gateway.com\/de\/wp-json\/wp\/v2\/comments?post=1820"}],"version-history":[{"count":20,"href":"https:\/\/german-gateway.com\/de\/wp-json\/wp\/v2\/pages\/1820\/revisions"}],"predecessor-version":[{"id":2554,"href":"https:\/\/german-gateway.com\/de\/wp-json\/wp\/v2\/pages\/1820\/revisions\/2554"}],"wp:attachment":[{"href":"https:\/\/german-gateway.com\/de\/wp-json\/wp\/v2\/media?parent=1820"}],"curies":[{"name":"wp","href":"https:\/\/api.w.org\/{rel}","templated":true}]}}