{"id":1823,"date":"2025-02-23T02:31:47","date_gmt":"2025-02-23T02:31:47","guid":{"rendered":"https:\/\/german-gateway.com\/%d8%b3%d9%8a%d8%a7%d8%b3%d8%a9-%d8%a7%d9%84%d8%ae%d8%b5%d9%88%d8%b5%d9%8a%d8%a9\/"},"modified":"2025-02-26T07:11:43","modified_gmt":"2025-02-26T07:11:43","slug":"datenschutzrichtlinie","status":"publish","type":"page","link":"https:\/\/german-gateway.com\/de\/datenschutzrichtlinie\/","title":{"rendered":"Datenschutzrichtlinie"},"content":{"rendered":"\t\t<div data-elementor-type=\"wp-page\" data-elementor-id=\"1823\" class=\"elementor elementor-1823 elementor-869\" data-elementor-post-type=\"page\">\n\t\t\t\t<div class=\"elementor-element elementor-element-7e27b0f e-flex e-con-boxed e-con e-parent\" data-id=\"7e27b0f\" data-element_type=\"container\" data-settings=\"{&quot;background_background&quot;:&quot;classic&quot;}\">\n\t\t\t\t\t<div class=\"e-con-inner\">\n\t\t\t\t\t<\/div>\n\t\t\t\t<\/div>\n\t\t<div class=\"elementor-element elementor-element-c4121dd e-flex e-con-boxed e-con e-parent\" data-id=\"c4121dd\" data-element_type=\"container\">\n\t\t\t\t\t<div class=\"e-con-inner\">\n\t\t<div class=\"elementor-element elementor-element-b0e4b0f e-con-full e-flex e-con e-child\" data-id=\"b0e4b0f\" data-element_type=\"container\">\n\t\t\t\t<div class=\"elementor-element elementor-element-801c123 elementor-widget elementor-widget-text-editor\" data-id=\"801c123\" data-element_type=\"widget\" data-widget_type=\"text-editor.default\">\n\t\t\t\t<div class=\"elementor-widget-container\">\n\t\t\t\t\t\t\t\t\t<p data-start=\"0\" data-end=\"46\"><strong data-start=\"0\" data-end=\"44\">Datenschutzrichtlinie von German Gateway<\/strong><\/p><p data-start=\"48\" data-end=\"329\">German Gateway verpflichtet sich, die Privatsph\u00e4re unserer Kunden und Besucher unserer Website zu sch\u00fctzen. Diese Richtlinie erl\u00e4utert, wie Ihre personenbezogenen Daten erfasst, verwendet und gesch\u00fctzt werden, wenn Sie unsere Website besuchen oder unsere Dienstleistungen nutzen.<\/p><h3 data-start=\"331\" data-end=\"370\"><strong data-start=\"335\" data-end=\"368\">1. Erhebung von Informationen<\/strong><\/h3><p data-start=\"372\" data-end=\"489\">Wir erfassen bestimmte personenbezogene Daten bei der Registrierung oder bei der Kontaktaufnahme mit uns, darunter:<\/p><ul data-start=\"491\" data-end=\"704\"><li data-start=\"491\" data-end=\"513\">Vollst\u00e4ndiger Name<\/li><li data-start=\"514\" data-end=\"532\">E-Mail-Adresse<\/li><li data-start=\"533\" data-end=\"550\">Telefonnummer<\/li><li data-start=\"551\" data-end=\"595\">Berufliche Informationen und Lebensl\u00e4ufe<\/li><li data-start=\"596\" data-end=\"704\">Weitere Informationen, die Sie uns im Rahmen von Bewerbungen oder Support-Anfragen zur Verf\u00fcgung stellen<\/li><\/ul><h3 data-start=\"706\" data-end=\"739\"><strong data-start=\"710\" data-end=\"737\">2. Verwendung der Daten<\/strong><\/h3><p data-start=\"741\" data-end=\"789\">Ihre Daten werden f\u00fcr folgende Zwecke genutzt:<\/p><ul data-start=\"791\" data-end=\"1142\"><li data-start=\"791\" data-end=\"878\">Bearbeitung von Bewerbungen und Vermittlung von Arbeitsm\u00f6glichkeiten in Deutschland<\/li><li data-start=\"879\" data-end=\"970\">Verbesserung unserer Dienstleistungen und Bereitstellung einer besseren Nutzererfahrung<\/li><li data-start=\"971\" data-end=\"1039\">Kommunikation mit Ihnen bez\u00fcglich Ihrer Anfragen und Bewerbungen<\/li><li data-start=\"1040\" data-end=\"1142\">Versand von Updates und Angeboten zu unseren Dienstleistungen (Sie k\u00f6nnen sich jederzeit abmelden)<\/li><\/ul><h3 data-start=\"1144\" data-end=\"1183\"><strong data-start=\"1148\" data-end=\"1181\">3. Datenschutz und Sicherheit<\/strong><\/h3><p data-start=\"1185\" data-end=\"1375\">Wir verpflichten uns, Ihre personenbezogenen Daten vor unbefugtem Zugriff oder Missbrauch zu sch\u00fctzen und setzen moderne Sicherheitsma\u00dfnahmen ein, um ihre Vertraulichkeit zu gew\u00e4hrleisten.<\/p><h3 data-start=\"1377\" data-end=\"1410\"><strong data-start=\"1381\" data-end=\"1408\">4. Weitergabe von Daten<\/strong><\/h3><p data-start=\"1412\" data-end=\"1507\">Ihre personenbezogenen Daten werden nicht an Dritte weitergegeben, au\u00dfer in folgenden F\u00e4llen:<\/p><ul data-start=\"1509\" data-end=\"1658\"><li data-start=\"1509\" data-end=\"1584\">An zust\u00e4ndige Stellen im Rahmen des Bewerbungsverfahrens in Deutschland<\/li><li data-start=\"1585\" data-end=\"1658\">An rechtliche Institutionen, falls dies gesetzlich vorgeschrieben ist<\/li><\/ul><h3 data-start=\"1660\" data-end=\"1684\"><strong data-start=\"1664\" data-end=\"1682\">5. Ihre Rechte<\/strong><\/h3><p data-start=\"1686\" data-end=\"1836\">Sie haben das Recht, Ihre personenbezogenen Daten jederzeit zu \u00e4ndern oder aus unseren Aufzeichnungen l\u00f6schen zu lassen, indem Sie uns kontaktieren.<\/p><h3 data-start=\"1838\" data-end=\"1858\"><strong data-start=\"1842\" data-end=\"1856\">6. Cookies<\/strong><\/h3><p data-start=\"1860\" data-end=\"2043\" data-is-last-node=\"\" data-is-only-node=\"\">Unsere Website verwendet Cookies, um die Nutzererfahrung zu verbessern und die Nutzung der Website zu analysieren. Sie k\u00f6nnen Cookies in den Einstellungen Ihres Browsers deaktivieren.<\/p>\t\t\t\t\t\t\t\t<\/div>\n\t\t\t\t<\/div>\n\t\t\t\t<\/div>\n\t\t\t\t\t<\/div>\n\t\t\t\t<\/div>\n\t\t\t\t<\/div>\n\t\t","protected":false},"excerpt":{"rendered":"<p>Datenschutzrichtlinie von German Gateway German Gateway verpflichtet sich, die Privatsph\u00e4re unserer Kunden und Besucher unserer Website zu sch\u00fctzen. Diese Richtlinie erl\u00e4utert, wie Ihre personenbezogenen Daten erfasst, verwendet und gesch\u00fctzt werden, wenn Sie unsere Website besuchen oder unsere Dienstleistungen nutzen. 1. Erhebung von Informationen Wir erfassen bestimmte personenbezogene Daten bei der Registrierung oder bei der Kontaktaufnahme [&hellip;]<\/p>\n","protected":false},"author":2,"featured_media":0,"parent":0,"menu_order":0,"comment_status":"closed","ping_status":"closed","template":"elementor_header_footer","meta":{"footnotes":""},"class_list":["post-1823","page","type-page","status-publish","hentry"],"blocksy_meta":[],"_links":{"self":[{"href":"https:\/\/german-gateway.com\/de\/wp-json\/wp\/v2\/pages\/1823","targetHints":{"allow":["GET"]}}],"collection":[{"href":"https:\/\/german-gateway.com\/de\/wp-json\/wp\/v2\/pages"}],"about":[{"href":"https:\/\/german-gateway.com\/de\/wp-json\/wp\/v2\/types\/page"}],"author":[{"embeddable":true,"href":"https:\/\/german-gateway.com\/de\/wp-json\/wp\/v2\/users\/2"}],"replies":[{"embeddable":true,"href":"https:\/\/german-gateway.com\/de\/wp-json\/wp\/v2\/comments?post=1823"}],"version-history":[{"count":7,"href":"https:\/\/german-gateway.com\/de\/wp-json\/wp\/v2\/pages\/1823\/revisions"}],"predecessor-version":[{"id":2301,"href":"https:\/\/german-gateway.com\/de\/wp-json\/wp\/v2\/pages\/1823\/revisions\/2301"}],"wp:attachment":[{"href":"https:\/\/german-gateway.com\/de\/wp-json\/wp\/v2\/media?parent=1823"}],"curies":[{"name":"wp","href":"https:\/\/api.w.org\/{rel}","templated":true}]}}