{"id":1825,"date":"2025-02-23T23:31:23","date_gmt":"2025-02-23T23:31:23","guid":{"rendered":"https:\/\/german-gateway.com\/%d8%b4%d9%83%d8%b1%d8%a7-%d9%84%d8%b2%d9%8a%d8%a7%d8%b1%d8%aa%d9%83-%d9%85%d9%88%d9%82%d8%b9%d9%86%d8%a7\/"},"modified":"2025-02-26T07:12:45","modified_gmt":"2025-02-26T07:12:45","slug":"vielen-dank-fur-ihren-besuch-auf-unserer-website","status":"publish","type":"page","link":"https:\/\/german-gateway.com\/de\/vielen-dank-fur-ihren-besuch-auf-unserer-website\/","title":{"rendered":"Vielen Dank f\u00fcr Ihren Besuch auf unserer Website"},"content":{"rendered":"\t\t<div data-elementor-type=\"wp-page\" data-elementor-id=\"1825\" class=\"elementor elementor-1825 elementor-986\" data-elementor-post-type=\"page\">\n\t\t\t\t<div class=\"elementor-element elementor-element-288d70e e-flex e-con-boxed e-con e-parent\" data-id=\"288d70e\" data-element_type=\"container\">\n\t\t\t\t\t<div class=\"e-con-inner\">\n\t\t<div class=\"elementor-element elementor-element-a1773f1 e-con-full e-flex e-con e-child\" data-id=\"a1773f1\" data-element_type=\"container\">\n\t\t\t\t<div class=\"elementor-element elementor-element-97661ff elementor-widget elementor-widget-heading\" data-id=\"97661ff\" data-element_type=\"widget\" data-widget_type=\"heading.default\">\n\t\t\t\t<div class=\"elementor-widget-container\">\n\t\t\t\t\t<h2 class=\"elementor-heading-title elementor-size-default\">Setzen Sie Ihre Sprachreise motiviert fort \u2013 wir freuen uns darauf, Sie auf Ihrem Weg zu begleiten, sobald Sie das B1-Niveau erreicht haben!<\/h2>\t\t\t\t<\/div>\n\t\t\t\t<\/div>\n\t\t\t\t<div class=\"elementor-element elementor-element-3fbce58 elementor-widget elementor-widget-text-editor\" data-id=\"3fbce58\" data-element_type=\"widget\" data-widget_type=\"text-editor.default\">\n\t\t\t\t<div class=\"elementor-widget-container\">\n\t\t\t\t\t\t\t\t\tWir sind begeistert, dass Sie Deutsch lernen und bei uns mitmachen m\u00f6chten! Derzeit bieten wir unsere Kurse f\u00fcr die Niveaustufen B1 und h\u00f6her an. Aber keine Sorge: Nutzen Sie die Zeit, um Ihre Sprachkenntnisse weiter auszubauen und sich gezielt auf das B1-Niveau vorzubereiten. Sobald Sie soweit sind, stehen wir bereit, um Sie beim \u00dcbergang zu den fortgeschrittenen Niveaus zu unterst\u00fctzen und Ihnen zu helfen, die Sprache sicher und souver\u00e4n zu meistern.\t\t\t\t\t\t\t\t<\/div>\n\t\t\t\t<\/div>\n\t\t\t\t<div class=\"elementor-element elementor-element-5963156 elementor-widget elementor-widget-text-editor\" data-id=\"5963156\" data-element_type=\"widget\" data-widget_type=\"text-editor.default\">\n\t\t\t\t<div class=\"elementor-widget-container\">\n\t\t\t\t\t\t\t\t\tUnser Tipp f\u00fcr Sie: Bleiben Sie dran, integrieren Sie das Deutschlernen in Ihren Alltag, und sobald Sie das B1-Niveau erreicht haben, melden Sie sich bei uns. Gemeinsam machen wir Sie fit f\u00fcr den Erfolg in Deutschland!\t\t\t\t\t\t\t\t<\/div>\n\t\t\t\t<\/div>\n\t\t\t\t<\/div>\n\t\t<div class=\"elementor-element elementor-element-d061a2b e-con-full e-flex e-con e-child\" data-id=\"d061a2b\" data-element_type=\"container\">\n\t\t\t\t<div class=\"elementor-element elementor-element-3723933 elementor-widget elementor-widget-image\" data-id=\"3723933\" data-element_type=\"widget\" data-widget_type=\"image.default\">\n\t\t\t\t<div class=\"elementor-widget-container\">\n\t\t\t\t\t\t\t\t\t\t\t\t\t\t\t<img fetchpriority=\"high\" decoding=\"async\" width=\"1024\" height=\"683\" src=\"https:\/\/german-gateway.com\/wp-content\/uploads\/2025\/02\/1504469296_f-1024x683.webp\" class=\"attachment-large size-large wp-image-529\" alt=\"\" srcset=\"https:\/\/german-gateway.com\/wp-content\/uploads\/2025\/02\/1504469296_f-1024x683.webp 1024w, https:\/\/german-gateway.com\/wp-content\/uploads\/2025\/02\/1504469296_f-300x200.webp 300w, https:\/\/german-gateway.com\/wp-content\/uploads\/2025\/02\/1504469296_f-768x512.webp 768w, https:\/\/german-gateway.com\/wp-content\/uploads\/2025\/02\/1504469296_f-1536x1025.webp 1536w, https:\/\/german-gateway.com\/wp-content\/uploads\/2025\/02\/1504469296_f.webp 1800w\" sizes=\"(max-width: 1024px) 100vw, 1024px\" \/>\t\t\t\t\t\t\t\t\t\t\t\t\t\t\t<\/div>\n\t\t\t\t<\/div>\n\t\t\t\t<\/div>\n\t\t\t\t\t<\/div>\n\t\t\t\t<\/div>\n\t\t\t\t<\/div>\n\t\t","protected":false},"excerpt":{"rendered":"<p>Setzen Sie Ihre Sprachreise motiviert fort \u2013 wir freuen uns darauf, Sie auf Ihrem Weg zu begleiten, sobald Sie das B1-Niveau erreicht haben! Wir sind begeistert, dass Sie Deutsch lernen und bei uns mitmachen m\u00f6chten! Derzeit bieten wir unsere Kurse f\u00fcr die Niveaustufen B1 und h\u00f6her an. Aber keine Sorge: Nutzen Sie die Zeit, um [&hellip;]<\/p>\n","protected":false},"author":2,"featured_media":0,"parent":0,"menu_order":0,"comment_status":"closed","ping_status":"closed","template":"elementor_canvas","meta":{"footnotes":""},"class_list":["post-1825","page","type-page","status-publish","hentry"],"blocksy_meta":[],"_links":{"self":[{"href":"https:\/\/german-gateway.com\/de\/wp-json\/wp\/v2\/pages\/1825","targetHints":{"allow":["GET"]}}],"collection":[{"href":"https:\/\/german-gateway.com\/de\/wp-json\/wp\/v2\/pages"}],"about":[{"href":"https:\/\/german-gateway.com\/de\/wp-json\/wp\/v2\/types\/page"}],"author":[{"embeddable":true,"href":"https:\/\/german-gateway.com\/de\/wp-json\/wp\/v2\/users\/2"}],"replies":[{"embeddable":true,"href":"https:\/\/german-gateway.com\/de\/wp-json\/wp\/v2\/comments?post=1825"}],"version-history":[{"count":10,"href":"https:\/\/german-gateway.com\/de\/wp-json\/wp\/v2\/pages\/1825\/revisions"}],"predecessor-version":[{"id":2343,"href":"https:\/\/german-gateway.com\/de\/wp-json\/wp\/v2\/pages\/1825\/revisions\/2343"}],"wp:attachment":[{"href":"https:\/\/german-gateway.com\/de\/wp-json\/wp\/v2\/media?parent=1825"}],"curies":[{"name":"wp","href":"https:\/\/api.w.org\/{rel}","templated":true}]}}