{"id":3242,"date":"2025-10-14T10:41:29","date_gmt":"2025-10-14T10:41:29","guid":{"rendered":"https:\/\/german-gateway.com\/%d8%a7%d9%85%d8%aa%d8%ad%d8%a7%d9%86-telc\/"},"modified":"2025-10-14T11:26:38","modified_gmt":"2025-10-14T11:26:38","slug":"%d8%a7%d9%85%d8%aa%d8%ad%d8%a7%d9%86-telc","status":"publish","type":"page","link":"https:\/\/german-gateway.com\/de\/%d8%a7%d9%85%d8%aa%d8%ad%d8%a7%d9%86-telc\/","title":{"rendered":"TELC-Pr\u00fcfung"},"content":{"rendered":"\t\t<div data-elementor-type=\"wp-page\" data-elementor-id=\"3242\" class=\"elementor elementor-3242 elementor-3210\" data-elementor-post-type=\"page\">\n\t\t\t\t<div class=\"elementor-element elementor-element-49c6189 e-con-full e-flex e-con e-parent\" data-id=\"49c6189\" data-element_type=\"container\">\n\t\t<div class=\"elementor-element elementor-element-e612161 e-con-full e-flex e-con e-child\" data-id=\"e612161\" data-element_type=\"container\" data-settings=\"{&quot;background_background&quot;:&quot;classic&quot;}\">\n\t\t\t\t<div class=\"elementor-element elementor-element-ae7d800 elementor-widget elementor-widget-heading\" data-id=\"ae7d800\" data-element_type=\"widget\" data-widget_type=\"heading.default\">\n\t\t\t\t<div class=\"elementor-widget-container\">\n\t\t\t\t\t<h2 class=\"elementor-heading-title elementor-size-default\">TELC-Pr\u00fcfung\n<\/h2>\t\t\t\t<\/div>\n\t\t\t\t<\/div>\n\t\t\t\t<\/div>\n\t\t\t\t<\/div>\n\t\t<div class=\"elementor-element elementor-element-d9a5970 e-flex e-con-boxed e-con e-parent\" data-id=\"d9a5970\" data-element_type=\"container\">\n\t\t\t\t\t<div class=\"e-con-inner\">\n\t\t\t\t<div class=\"elementor-element elementor-element-f316070 elementor-widget elementor-widget-heading\" data-id=\"f316070\" data-element_type=\"widget\" data-widget_type=\"heading.default\">\n\t\t\t\t<div class=\"elementor-widget-container\">\n\t\t\t\t\t<h2 class=\"elementor-heading-title elementor-size-default\">German Gateway ist ein anerkanntes TELC-Pr\u00fcfungszentrum in \u00c4gypten.\n<\/h2>\t\t\t\t<\/div>\n\t\t\t\t<\/div>\n\t\t\t\t\t<\/div>\n\t\t\t\t<\/div>\n\t\t<div class=\"elementor-element elementor-element-41fc3e5 e-flex e-con-boxed e-con e-parent\" data-id=\"41fc3e5\" data-element_type=\"container\">\n\t\t\t\t\t<div class=\"e-con-inner\">\n\t\t<div class=\"elementor-element elementor-element-9b1dea8 e-con-full e-flex e-con e-child\" data-id=\"9b1dea8\" data-element_type=\"container\">\n\t\t\t\t<div class=\"elementor-element elementor-element-9763923 elementor-widget elementor-widget-heading\" data-id=\"9763923\" data-element_type=\"widget\" data-widget_type=\"heading.default\">\n\t\t\t\t<div class=\"elementor-widget-container\">\n\t\t\t\t\t<h2 class=\"elementor-heading-title elementor-size-default\">Mit gro\u00dfem Stolz ist German Gateway ein anerkanntes TELC-Pr\u00fcfungszentrum in \u00c4gypten.\n<\/h2>\t\t\t\t<\/div>\n\t\t\t\t<\/div>\n\t\t\t\t<div class=\"elementor-element elementor-element-6f6adbd elementor-widget elementor-widget-text-editor\" data-id=\"6f6adbd\" data-element_type=\"widget\" data-widget_type=\"text-editor.default\">\n\t\t\t\t<div class=\"elementor-widget-container\">\n\t\t\t\t\t\t\t\t\t<p>German Gateway freut sich bekannt zu geben, dass es nun ein offiziell anerkanntes Pr\u00fcfungszentrum f\u00fcr die TELC-Pr\u00fcfung in \u00c4gypten ist \u2013 in Zusammenarbeit mit dem deutschen akademischen Partner <strong>Lingo Care<\/strong>.<\/p><p>Die <strong>TELC-Pr\u00fcfung<\/strong> ist von der <strong>deutschen Botschaft in \u00c4gypten<\/strong> anerkannt und richtet sich an Personen, die in Deutschland <strong>arbeiten, studieren oder auswandern<\/strong> m\u00f6chten.<\/p><p>In unserem Zentrum legen wir gro\u00dfen Wert darauf, w\u00e4hrend der Pr\u00fcfung <strong>Komfort, Pr\u00e4zision und optimale Bedingungen<\/strong> zu gew\u00e4hrleisten, um unseren Teilnehmern zu helfen, <strong>die bestm\u00f6glichen Ergebnisse<\/strong> zu erzielen.<\/p><p>Wir bieten eine <strong>pr\u00fcfungsorientierte Umgebung<\/strong> nach <strong>europ\u00e4ischen Standards<\/strong>, betreut von einem <strong>fachkundigen Team<\/strong>, das eine <strong>angenehme und reibungslose Pr\u00fcfungserfahrung<\/strong> sicherstellt.<\/p>\t\t\t\t\t\t\t\t<\/div>\n\t\t\t\t<\/div>\n\t\t\t\t<div class=\"elementor-element elementor-element-ee8f242 elementor-widget elementor-widget-heading\" data-id=\"ee8f242\" data-element_type=\"widget\" data-widget_type=\"heading.default\">\n\t\t\t\t<div class=\"elementor-widget-container\">\n\t\t\t\t\t<h2 class=\"elementor-heading-title elementor-size-default\">Vorteile der TELC-Pr\u00fcfung bei German Gateway:\n<\/h2>\t\t\t\t<\/div>\n\t\t\t\t<\/div>\n\t\t\t\t<div class=\"elementor-element elementor-element-cc971c9 elementor-icon-list--layout-traditional elementor-list-item-link-full_width elementor-widget elementor-widget-icon-list\" data-id=\"cc971c9\" data-element_type=\"widget\" data-widget_type=\"icon-list.default\">\n\t\t\t\t<div class=\"elementor-widget-container\">\n\t\t\t\t\t\t\t<ul class=\"elementor-icon-list-items\">\n\t\t\t\t\t\t\t<li class=\"elementor-icon-list-item\">\n\t\t\t\t\t\t\t\t\t\t\t<span class=\"elementor-icon-list-icon\">\n\t\t\t\t\t\t\t<i aria-hidden=\"true\" class=\"icon icon-checkmark-circle\"><\/i>\t\t\t\t\t\t<\/span>\n\t\t\t\t\t\t\t\t\t\t<span class=\"elementor-icon-list-text\">Offizielle Anerkennung durch die Deutsche Botschaft in \u00c4gypten.<\/span>\n\t\t\t\t\t\t\t\t\t<\/li>\n\t\t\t\t\t\t\t\t<li class=\"elementor-icon-list-item\">\n\t\t\t\t\t\t\t\t\t\t\t<span class=\"elementor-icon-list-icon\">\n\t\t\t\t\t\t\t<i aria-hidden=\"true\" class=\"icon icon-checkmark-circle\"><\/i>\t\t\t\t\t\t<\/span>\n\t\t\t\t\t\t\t\t\t\t<span class=\"elementor-icon-list-text\">Direkte Partnerschaft mit Lingo Care Deutschland.<\/span>\n\t\t\t\t\t\t\t\t\t<\/li>\n\t\t\t\t\t\t\t\t<li class=\"elementor-icon-list-item\">\n\t\t\t\t\t\t\t\t\t\t\t<span class=\"elementor-icon-list-icon\">\n\t\t\t\t\t\t\t<i aria-hidden=\"true\" class=\"icon icon-checkmark-circle\"><\/i>\t\t\t\t\t\t<\/span>\n\t\t\t\t\t\t\t\t\t\t<span class=\"elementor-icon-list-text\">Komfortable und ruhige Pr\u00fcfungsr\u00e4ume.<\/span>\n\t\t\t\t\t\t\t\t\t<\/li>\n\t\t\t\t\t\t\t\t<li class=\"elementor-icon-list-item\">\n\t\t\t\t\t\t\t\t\t\t\t<span class=\"elementor-icon-list-icon\">\n\t\t\t\t\t\t\t<i aria-hidden=\"true\" class=\"icon icon-checkmark-circle\"><\/i>\t\t\t\t\t\t<\/span>\n\t\t\t\t\t\t\t\t\t\t<span class=\"elementor-icon-list-text\">Professionelle Organisation und pr\u00e4zise Abl\u00e4ufe.<\/span>\n\t\t\t\t\t\t\t\t\t<\/li>\n\t\t\t\t\t\t\t\t<li class=\"elementor-icon-list-item\">\n\t\t\t\t\t\t\t\t\t\t\t<span class=\"elementor-icon-list-icon\">\n\t\t\t\t\t\t\t<i aria-hidden=\"true\" class=\"icon icon-checkmark-circle\"><\/i>\t\t\t\t\t\t<\/span>\n\t\t\t\t\t\t\t\t\t\t<span class=\"elementor-icon-list-text\">Kontinuierliche Unterst\u00fctzung der Teilnehmenden vor und w\u00e4hrend der Pr\u00fcfung.<\/span>\n\t\t\t\t\t\t\t\t\t<\/li>\n\t\t\t\t\t\t<\/ul>\n\t\t\t\t\t\t<\/div>\n\t\t\t\t<\/div>\n\t\t\t\t<\/div>\n\t\t<div class=\"elementor-element elementor-element-0ddeda5 e-con-full e-flex e-con e-child\" data-id=\"0ddeda5\" data-element_type=\"container\" data-settings=\"{&quot;background_background&quot;:&quot;classic&quot;}\">\n\t\t\t\t<div class=\"elementor-element elementor-element-33a035e elementor-widget elementor-widget-spacer\" data-id=\"33a035e\" data-element_type=\"widget\" data-widget_type=\"spacer.default\">\n\t\t\t\t<div class=\"elementor-widget-container\">\n\t\t\t\t\t\t\t<div class=\"elementor-spacer\">\n\t\t\t<div class=\"elementor-spacer-inner\"><\/div>\n\t\t<\/div>\n\t\t\t\t\t\t<\/div>\n\t\t\t\t<\/div>\n\t\t\t\t<\/div>\n\t\t\t\t\t<\/div>\n\t\t\t\t<\/div>\n\t\t<div class=\"elementor-element elementor-element-35c8eb7 e-flex e-con-boxed e-con e-parent\" data-id=\"35c8eb7\" data-element_type=\"container\">\n\t\t\t\t\t<div class=\"e-con-inner\">\n\t\t\t\t<div class=\"elementor-element elementor-element-56095dc elementor-mobile-align-center elementor-align-center elementor-widget elementor-widget-button\" data-id=\"56095dc\" data-element_type=\"widget\" data-widget_type=\"button.default\">\n\t\t\t\t<div class=\"elementor-widget-container\">\n\t\t\t\t\t\t\t\t\t<div class=\"elementor-button-wrapper\">\n\t\t\t\t\t<a class=\"elementor-button elementor-button-link elementor-size-sm\" href=\"https:\/\/wa.me\/4915777166655\" target=\"_blank\" rel=\"noopener\">\n\t\t\t\t\t\t<span class=\"elementor-button-content-wrapper\">\n\t\t\t\t\t\t<span class=\"elementor-button-icon\">\n\t\t\t\t<i aria-hidden=\"true\" class=\"icon icon-arrow-right\"><\/i>\t\t\t<\/span>\n\t\t\t\t\t\t\t\t\t<span class=\"elementor-button-text\">Kontakt \u00fcber WhatsApp.<\/span>\n\t\t\t\t\t<\/span>\n\t\t\t\t\t<\/a>\n\t\t\t\t<\/div>\n\t\t\t\t\t\t\t\t<\/div>\n\t\t\t\t<\/div>\n\t\t\t\t<div class=\"elementor-element elementor-element-ee18551 elementor-mobile-align-center elementor-align-right elementor-widget elementor-widget-button\" data-id=\"ee18551\" data-element_type=\"widget\" data-widget_type=\"button.default\">\n\t\t\t\t<div class=\"elementor-widget-container\">\n\t\t\t\t\t\t\t\t\t<div class=\"elementor-button-wrapper\">\n\t\t\t\t\t<a class=\"elementor-button elementor-button-link elementor-size-sm\" href=\"https:\/\/anmeldung.german-gateway.com\/\">\n\t\t\t\t\t\t<span class=\"elementor-button-content-wrapper\">\n\t\t\t\t\t\t<span class=\"elementor-button-icon\">\n\t\t\t\t<i aria-hidden=\"true\" class=\"icon icon-arrow-right\"><\/i>\t\t\t<\/span>\n\t\t\t\t\t\t\t\t\t<span class=\"elementor-button-text\">Jetzt anmelden.<\/span>\n\t\t\t\t\t<\/span>\n\t\t\t\t\t<\/a>\n\t\t\t\t<\/div>\n\t\t\t\t\t\t\t\t<\/div>\n\t\t\t\t<\/div>\n\t\t\t\t\t<\/div>\n\t\t\t\t<\/div>\n\t\t\t\t<\/div>\n\t\t","protected":false},"excerpt":{"rendered":"<p>TELC-Pr\u00fcfung German Gateway ist ein anerkanntes TELC-Pr\u00fcfungszentrum in \u00c4gypten. Mit gro\u00dfem Stolz ist German Gateway ein anerkanntes TELC-Pr\u00fcfungszentrum in \u00c4gypten. German Gateway freut sich bekannt zu geben, dass es nun ein offiziell anerkanntes Pr\u00fcfungszentrum f\u00fcr die TELC-Pr\u00fcfung in \u00c4gypten ist \u2013 in Zusammenarbeit mit dem deutschen akademischen Partner Lingo Care. Die TELC-Pr\u00fcfung ist von der [&hellip;]<\/p>\n","protected":false},"author":2,"featured_media":0,"parent":0,"menu_order":0,"comment_status":"closed","ping_status":"closed","template":"elementor_header_footer","meta":{"footnotes":""},"class_list":["post-3242","page","type-page","status-publish","hentry"],"blocksy_meta":[],"_links":{"self":[{"href":"https:\/\/german-gateway.com\/de\/wp-json\/wp\/v2\/pages\/3242","targetHints":{"allow":["GET"]}}],"collection":[{"href":"https:\/\/german-gateway.com\/de\/wp-json\/wp\/v2\/pages"}],"about":[{"href":"https:\/\/german-gateway.com\/de\/wp-json\/wp\/v2\/types\/page"}],"author":[{"embeddable":true,"href":"https:\/\/german-gateway.com\/de\/wp-json\/wp\/v2\/users\/2"}],"replies":[{"embeddable":true,"href":"https:\/\/german-gateway.com\/de\/wp-json\/wp\/v2\/comments?post=3242"}],"version-history":[{"count":14,"href":"https:\/\/german-gateway.com\/de\/wp-json\/wp\/v2\/pages\/3242\/revisions"}],"predecessor-version":[{"id":3275,"href":"https:\/\/german-gateway.com\/de\/wp-json\/wp\/v2\/pages\/3242\/revisions\/3275"}],"wp:attachment":[{"href":"https:\/\/german-gateway.com\/de\/wp-json\/wp\/v2\/media?parent=3242"}],"curies":[{"name":"wp","href":"https:\/\/api.w.org\/{rel}","templated":true}]}}